{"id":7155,"date":"2022-07-02T23:07:21","date_gmt":"2022-07-02T23:07:21","guid":{"rendered":"https:\/\/evoliumalgerie.com\/?page_id=7155"},"modified":"2022-07-03T15:08:14","modified_gmt":"2022-07-03T15:08:14","slug":"notre-esprit","status":"publish","type":"page","link":"https:\/\/evoliumalgerie.com\/fr\/notre-esprit\/","title":{"rendered":"Notre esprit"},"content":{"rendered":"<p>[vc_row css=&#8221;.vc_custom_1655987318412{margin-top: 0px !important;margin-bottom: 100px !important;padding-top: 0px !important;}&#8221;][vc_column offset=&#8221;vc_col-lg-9 vc_col-md-9&#8243;][vc_column_text css=&#8221;.vc_custom_1656860387749{margin-top: 0px !important;}&#8221;]<\/p>\n<h3>Notre esprit<\/h3>\n<p>ADN, ind\u00e9pendance, responsabilit\u00e9, r\u00e9sultats durables \/ durables \/ mesurables \/ tangibles, innovation, partenariat, entrepreneuriat, transformation, engagement, optimisation, respect, op\u00e9rationnel, singularit\u00e9, l&#8217;homme au c\u0153ur de la cr\u00e9ation de valeur, humilit\u00e9, excellence, complexit\u00e9, sur-mesure made, pragmatisme, rupture, partenaire, confiance, valeurs, engagement, culture, performance, solutions op\u00e9rationnelles, grands groupes, proximit\u00e9, transformation, changement&#8230;[\/vc_column_text][vc_column_text css=&#8221;.vc_custom_1656860410403{margin-bottom: 34px !important;}&#8221;]<\/p>\n<blockquote><p>Nous \u2013 cabinets de conseil en strat\u00e9gie, management, organisation \u2013 utilisons tous les m\u00eames mots<\/p><\/blockquote>\n<p>[\/vc_column_text][vc_single_image image=&#8221;7127&#8243; img_size=&#8221;full&#8221;][vc_column_text css=&#8221;.vc_custom_1656860807754{margin-bottom: 34px !important;}&#8221;]<\/p>\n<blockquote><p>Nous \u2013 Evolium Consulting \u2013 c&#8217;est au quotidien, aupr\u00e8s de nos clients comme autour du caf\u00e9, que nous exer\u00e7ons notre m\u00e9tier<\/p><\/blockquote>\n<p>[\/vc_column_text][vc_column_text]Et nous faisons simple et incarnons deux autres mots \u2013 plus rares : UTILITE et PLAISIR.<br \/>\nNous sommes UTILES parce que la conjoncture l\u2019impose parce que la concurrence est faites de fa\u00e7ons \u00e0 ce que un choix strat\u00e9gique peut vous faire d\u00e9marquer des autres, nous exer\u00e7ons notre DEVOIR DE CONSEIL au service de nos clients, dans tous les secteurs d\u2019activit\u00e9.<br \/>\nL&#8217;exercice de notre m\u00e9tier rime avec PLAISIR \u2013 le v\u00f4tre et le n\u00f4tre \u2013 parce que nous pratiquons L\u2019ART DE LA MOBILISATION \u2013 le conseil participatif, la construction main dans la main \u2013 partout o\u00f9 vous en avez besoin.[\/vc_column_text][vc_column_text css=&#8221;.vc_custom_1656860838334{margin-bottom: 34px !important;}&#8221;]<\/p>\n<blockquote><p>La preuve ? C&#8217;est ce que chacun de nos consultants a eu le m\u00e9rite d&#8217;entendre<\/p><\/blockquote>\n<p>[\/vc_column_text][vc_column_text]\u00ab Apr\u00e8s toi, au moins, ce n&#8217;est pas un champ de ruines !<br \/>\n&#8220;Enfin, tu fais aussi bien que XXX, mais en plus simple&#8221;<br \/>\n&#8220;Quand on te conna\u00eet, on a envie de retravailler avec toi&#8221;<br \/>\n&#8220;Utilisez-nous comme votre porte-parole, vous n&#8217;\u00eates pas aussi connu que vous devriez l&#8217;\u00eatre&#8221;[\/vc_column_text][\/vc_column][vc_column width=&#8221;1\/4&#8243; offset=&#8221;vc_hidden-sm vc_hidden-xs&#8221;][stm_sidebar sidebar=&#8221;7229&#8243;][\/vc_column][\/vc_row][vc_row full_width=&#8221;stretch_row&#8221; el_class=&#8221;third_bg_color&#8221; css=&#8221;.vc_custom_1451889219674{margin-bottom: -60px !important;}&#8221;][vc_column][vc_cta h2=&#8221;Vous cherchez un consultant en plan d&#8217;affaires de premi\u00e8re classe\u00a0?&#8221; h2_font_container=&#8221;tag:h2|font_size:20px|text_align:left|color:%23000000|line_height:24px&#8221; h2_use_theme_fonts=&#8221;yes&#8221; shape=&#8221;square&#8221; style=&#8221;flat&#8221; add_button=&#8221;right&#8221; btn_title=&#8221;obtenir un devis&#8221; btn_style=&#8221;flat&#8221; btn_color=&#8221;theme_style_2&#8243; btn_align=&#8221;right&#8221; btn_i_align=&#8221;right&#8221; btn_i_icon_fontawesome=&#8221;stm-circuit_big&#8221; use_custom_fonts_h2=&#8221;true&#8221; btn_button_block=&#8221;true&#8221; btn_add_icon=&#8221;true&#8221; el_class=&#8221;third_bg_color&#8221; css=&#8221;.vc_custom_1656860899395{margin-bottom: 0px !important;}&#8221;][\/vc_cta][\/vc_column][\/vc_row]<\/p>\n","protected":false},"excerpt":{"rendered":"<p>[vc_row css=&#8221;.vc_custom_1655987318412{margin-top: 0px !important;margin-bottom: 100px !important;padding-top: 0px !important;}&#8221;][vc_column offset=&#8221;vc_col-lg-9 vc_col-md-9&#8243;][vc_column_text css=&#8221;.vc_custom_1656860387749{margin-top: 0px !important;}&#8221;] Notre esprit ADN, ind\u00e9pendance, responsabilit\u00e9, r\u00e9sultats durables \/ durables \/ mesurables \/ tangibles, innovation, partenariat, entrepreneuriat, transformation, engagement, optimisation, respect, op\u00e9rationnel, singularit\u00e9, l&#8217;homme au c\u0153ur de la cr\u00e9ation de valeur, humilit\u00e9, excellence, complexit\u00e9, sur-mesure made, pragmatisme, rupture, partenaire, confiance, valeurs, engagement, culture,<\/p>\n","protected":false},"author":1,"featured_media":0,"parent":0,"menu_order":0,"comment_status":"closed","ping_status":"closed","template":"","meta":{"footnotes":""},"class_list":["post-7155","page","type-page","status-publish","hentry"],"_links":{"self":[{"href":"https:\/\/evoliumalgerie.com\/fr\/wp-json\/wp\/v2\/pages\/7155","targetHints":{"allow":["GET"]}}],"collection":[{"href":"https:\/\/evoliumalgerie.com\/fr\/wp-json\/wp\/v2\/pages"}],"about":[{"href":"https:\/\/evoliumalgerie.com\/fr\/wp-json\/wp\/v2\/types\/page"}],"author":[{"embeddable":true,"href":"https:\/\/evoliumalgerie.com\/fr\/wp-json\/wp\/v2\/users\/1"}],"replies":[{"embeddable":true,"href":"https:\/\/evoliumalgerie.com\/fr\/wp-json\/wp\/v2\/comments?post=7155"}],"version-history":[{"count":2,"href":"https:\/\/evoliumalgerie.com\/fr\/wp-json\/wp\/v2\/pages\/7155\/revisions"}],"predecessor-version":[{"id":7232,"href":"https:\/\/evoliumalgerie.com\/fr\/wp-json\/wp\/v2\/pages\/7155\/revisions\/7232"}],"wp:attachment":[{"href":"https:\/\/evoliumalgerie.com\/fr\/wp-json\/wp\/v2\/media?parent=7155"}],"curies":[{"name":"wp","href":"https:\/\/api.w.org\/{rel}","templated":true}]}}