{"id":7153,"date":"2022-07-02T23:05:56","date_gmt":"2022-07-02T23:05:56","guid":{"rendered":"https:\/\/evoliumalgerie.com\/?page_id=7153"},"modified":"2022-07-03T14:53:56","modified_gmt":"2022-07-03T14:53:56","slug":"presentation-de-lentreprise","status":"publish","type":"page","link":"https:\/\/evoliumalgerie.com\/fr\/presentation-de-lentreprise\/","title":{"rendered":"Pr\u00e9sentation de l&#8217;entreprise"},"content":{"rendered":"<p>[vc_row css=&#8221;.vc_custom_1451991003825{margin-bottom: 100px !important;}&#8221;][vc_column offset=&#8221;vc_col-lg-9 vc_col-md-9&#8243;][vc_column_text css=&#8221;.vc_custom_1656858974068{margin-top: 0px !important;}&#8221;]<\/p>\n<h3>Pr\u00e9sentation de l&#8217;entreprise<\/h3>\n<p>Chez EVOLIUM Consulting, nous misons sur une offre de service de haute qualit\u00e9 et sur la satisfaction de nos clients. Nous nous effor\u00e7ons de satisfaire et de d\u00e9passer les attentes de nos clients. Pour y parvenir, nous sommes dans une d\u00e9marche d&#8217;innovation perp\u00e9tuelle.<br \/>\nNous sommes un cabinet de conseil pas comme les autres. Nous travaillons sur un mod\u00e8le 100% sur-mesure. Pour cela, nous nous adaptons \u00e0 vos besoins \u00e0 chaque instant, nous travaillons sur les points forts existants et exploitons ce qui fait son succ\u00e8s. De plus, nous utilisons les meilleures pratiques de l&#8217;industrie tout en tenant compte de votre environnement, le but \u00e9tant d&#8217;optimiser votre op\u00e9ration. Notre objectif est de cr\u00e9er un mod\u00e8le, un plan et des outils sp\u00e9cifiques \u00e0 votre entreprise.<br \/>\nNotre fa\u00e7on de travailler est bas\u00e9e sur une collaboration \u00e9troite avec les diff\u00e9rents d\u00e9partements afin de cr\u00e9er des synergies positives menant \u00e0 des r\u00e9sultats concrets et, par cons\u00e9quent, \u00e0 la r\u00e9ussite de vos projets.<br \/>\nLe but ultime est de r\u00e9ussir en fournissant des solutions qui fonctionnent sur votre march\u00e9, dans votre environnement et au sein de votre organisation.[\/vc_column_text][vc_column_text css=&#8221;.vc_custom_1656858996449{margin-bottom: 34px !important;}&#8221;]<\/p>\n<blockquote>\n<p>Notre vocation est d&#8217;accompagner nos clients dans leurs d\u00e9fis quotidiens et de les aider \u00e0 r\u00e9ussir. Notre m\u00e9tier est d&#8217;aider les entreprises \u00e0 savoir o\u00f9 elles vont, comment optimiser leur gestion et comment atteindre efficacement leurs objectifs.<\/p>\n<\/blockquote>\n<p>[\/vc_column_text][vc_row_inner][vc_column_inner width=&#8221;1\/2&#8243;][vc_custom_heading text=&#8221;Notre Philosophie&#8221; font_container=&#8221;tag:h4|text_align:left|color:%23222222&#8243; use_theme_fonts=&#8221;yes&#8221; css=&#8221;.vc_custom_1656859078570{margin-bottom: 15px !important;}&#8221; el_class=&#8221;no_stripe&#8221;][vc_column_text]La philosophie d&#8217;EVOLIUM Consulting repose sur une logique de qualit\u00e9 des prestations fournies et sur des partenariats de long terme avec nos clients. Un accent particulier est mis sur la transparence de nos activit\u00e9s, tout en mettant en place des processus efficients et efficaces dans le but de cr\u00e9er de la valeur pour nos clients. De plus, nous mettons un point d&#8217;honneur \u00e0 \u00eatre, en toutes circonstances, objectifs et honn\u00eates dans les r\u00e9sultats que nous livrons.[\/vc_column_text][vc_custom_heading text=&#8221;Notre marque&#8221; font_container=&#8221;tag:h4|text_align:left|color:%23222222&#8243; use_theme_fonts=&#8221;yes&#8221; css=&#8221;.vc_custom_1656859137093{margin-bottom: 15px !important;}&#8221; el_class=&#8221;no_stripe&#8221;][vc_column_text]Notre logo : symbole de stabilit\u00e9, d&#8217;innovation, de perfection et de recherche perp\u00e9tuelle de nouvelles solutions. La courbe repr\u00e9sente la croissance ainsi que notre volont\u00e9 de trouver un point d&#8217;\u00e9quilibre entre ce qu\u2019EVOLIUM Consulting peut vous apporter et vos objectifs \u00e0 atteindre.<br \/>\nNos couleurs : le bleu fonc\u00e9 de notre soci\u00e9t\u00e9 repr\u00e9sente notre dynamisme \u00e0 r\u00e9pondre \u00e0 vos besoins, la stabilit\u00e9 \u00e0 long terme et le succ\u00e8s qui nous motive. Le bleu clair, quant \u00e0 lui, repr\u00e9sente deux valeurs pr\u00e9pond\u00e9rantes chez EVOLIUM Consulting : la transparence et le professionnalisme.<\/p>\n<p>Notre nom : EVOLIUM Consulting il r\u00e9sume parfaitement notre ligne de conduite celle du d\u00e9veloppement et l\u2019\u00e9volution continuelle de notre Cabinet ainsi que celle de nos clients.<\/p>\n<p>Notre Devise : L\u2019innovation de notre expertise qui est l\u2019essence m\u00eames nos m\u00e9tiers ; une innovation qu\u2019on transmet \u00e0 nos clients pour les faires d\u00e9marqu\u00e9 de la concurrence et aussi pour \u00eatre efficient sur le march\u00e9.[\/vc_column_text][\/vc_column_inner][vc_column_inner width=&#8221;1\/2&#8243;][vc_custom_heading text=&#8221;Nos valeurs&#8221; font_container=&#8221;tag:h4|text_align:left|color:%23222222&#8243; use_theme_fonts=&#8221;yes&#8221; css=&#8221;.vc_custom_1656859097767{margin-bottom: 28px !important;}&#8221; el_class=&#8221;no_stripe&#8221;][vc_column_text]Le succ\u00e8s de nos clients est notre propre succ\u00e8s. Aussi, nous devons y jouer un r\u00f4le cl\u00e9.<br \/>\nArriver \u00e0 trouver des solutions dans des situations compliqu\u00e9es et complexes qui ajouteront une pierre \u00e0 l&#8217;\u00e9difice construit par nos clients, telle est notre d\u00e9finition du succ\u00e8s.<br \/>\nDe plus, nous sommes une firme guid\u00e9e par des valeurs; cela signifie qu&#8217;\u00e0 tout moment :<br \/>\n\u2022 L&#8217;int\u00e9r\u00eat du client passe avant notre propre int\u00e9r\u00eat<br \/>\nNotre seul objectif est de d\u00e9livrer de la valeur tout en restant impartial et en pr\u00e9servant un regard ext\u00e9rieur sur la situation. Ainsi, nous pla\u00e7ons l&#8217;int\u00e9r\u00eat du client au c\u0153ur de nos priorit\u00e9s.<br \/>\n\u2022 L&#8217;honn\u00eatet\u00e9 professionnelle est respect\u00e9e<br \/>\nNous communiquons honn\u00eatement avec nos clients. Cela implique que nous livrions notre analyse au fur et \u00e0 mesure que nous percevons la situation.<br \/>\n\u2022 La confidentialit\u00e9 des informations de nos clients est pr\u00e9serv\u00e9e<br \/>\nNous ne divulguons aucune information sensible. Cela reste enti\u00e8rement confidentiel.<br \/>\n\u2022 Nous sommes transparents sur nos activit\u00e9s<br \/>\nNous communiquons avec nos clients pendant toute la dur\u00e9e du mandat et leur communiquons toutes les informations pertinentes.<br \/>\n\u2022 Nous sommes professionnels<br \/>\nEn toutes circonstances, nous maintenons une attitude professionnelle et respectueuse envers nos clients, tout en pr\u00e9servant notre int\u00e9grit\u00e9.[\/vc_column_text][\/vc_column_inner][\/vc_row_inner][vc_custom_heading text=&#8221;Notre mission&#8221; font_container=&#8221;tag:h4|text_align:left|color:%23222222&#8243; use_theme_fonts=&#8221;yes&#8221; css=&#8221;.vc_custom_1656859212894{margin-bottom: 28px !important;}&#8221; el_class=&#8221;no_stripe&#8221;][vc_column_text]Mener \u00e0 bien les projets qui nous sont confi\u00e9s en utilisant toutes nos comp\u00e9tences, nos id\u00e9es ainsi que notre savoir faire, dans le but d&#8217;apporter de la valeur et de m\u00e9riter la confiance de nos clients.[\/vc_column_text][\/vc_column][vc_column width=&#8221;1\/4&#8243; offset=&#8221;vc_hidden-sm vc_hidden-xs&#8221;][stm_sidebar sidebar=&#8221;7229&#8243;][\/vc_column][\/vc_row][vc_row full_width=&#8221;stretch_row&#8221; el_class=&#8221;third_bg_color&#8221; css=&#8221;.vc_custom_1451889219674{margin-bottom: -60px !important;}&#8221;][vc_column][vc_cta h2=&#8221;Vous cherchez un consultant en plan d&#8217;affaires de premi\u00e8re classe ?&#8221; h2_font_container=&#8221;tag:h2|font_size:20px|text_align:left|color:%23000000|line_height:24px&#8221; h2_use_theme_fonts=&#8221;yes&#8221; shape=&#8221;square&#8221; style=&#8221;flat&#8221; add_button=&#8221;right&#8221; btn_title=&#8221;obtenir un devis&#8221; btn_style=&#8221;flat&#8221; btn_color=&#8221;theme_style_2&#8243; btn_align=&#8221;right&#8221; btn_i_align=&#8221;right&#8221; btn_i_icon_fontawesome=&#8221;stm-circuit_big&#8221; use_custom_fonts_h2=&#8221;true&#8221; btn_button_block=&#8221;true&#8221; btn_add_icon=&#8221;true&#8221; el_class=&#8221;third_bg_color&#8221; css=&#8221;.vc_custom_1656859271644{margin-bottom: 0px !important;}&#8221;][\/vc_cta][\/vc_column][\/vc_row]<\/p>\n","protected":false},"excerpt":{"rendered":"<p>[vc_row css=&#8221;.vc_custom_1451991003825{margin-bottom: 100px !important;}&#8221;][vc_column offset=&#8221;vc_col-lg-9 vc_col-md-9&#8243;][vc_column_text css=&#8221;.vc_custom_1656858974068{margin-top: 0px !important;}&#8221;] Pr\u00e9sentation de l&#8217;entreprise Chez EVOLIUM Consulting, nous misons sur une offre de service de haute qualit\u00e9 et sur la satisfaction de nos clients. Nous nous effor\u00e7ons de satisfaire et de d\u00e9passer les attentes de nos clients. Pour y parvenir, nous sommes dans une d\u00e9marche d&#8217;innovation perp\u00e9tuelle.<\/p>\n","protected":false},"author":1,"featured_media":0,"parent":0,"menu_order":0,"comment_status":"closed","ping_status":"closed","template":"","meta":{"footnotes":""},"class_list":["post-7153","page","type-page","status-publish","hentry"],"_links":{"self":[{"href":"https:\/\/evoliumalgerie.com\/fr\/wp-json\/wp\/v2\/pages\/7153","targetHints":{"allow":["GET"]}}],"collection":[{"href":"https:\/\/evoliumalgerie.com\/fr\/wp-json\/wp\/v2\/pages"}],"about":[{"href":"https:\/\/evoliumalgerie.com\/fr\/wp-json\/wp\/v2\/types\/page"}],"author":[{"embeddable":true,"href":"https:\/\/evoliumalgerie.com\/fr\/wp-json\/wp\/v2\/users\/1"}],"replies":[{"embeddable":true,"href":"https:\/\/evoliumalgerie.com\/fr\/wp-json\/wp\/v2\/comments?post=7153"}],"version-history":[{"count":5,"href":"https:\/\/evoliumalgerie.com\/fr\/wp-json\/wp\/v2\/pages\/7153\/revisions"}],"predecessor-version":[{"id":7231,"href":"https:\/\/evoliumalgerie.com\/fr\/wp-json\/wp\/v2\/pages\/7153\/revisions\/7231"}],"wp:attachment":[{"href":"https:\/\/evoliumalgerie.com\/fr\/wp-json\/wp\/v2\/media?parent=7153"}],"curies":[{"name":"wp","href":"https:\/\/api.w.org\/{rel}","templated":true}]}}