{"id":7099,"date":"2022-06-23T20:56:14","date_gmt":"2022-06-23T20:56:14","guid":{"rendered":"https:\/\/evoliumalgerie.com\/?page_id=7099"},"modified":"2022-07-03T14:31:01","modified_gmt":"2022-07-03T14:31:01","slug":"accueil","status":"publish","type":"page","link":"https:\/\/evoliumalgerie.com\/fr\/","title":{"rendered":"Accueil"},"content":{"rendered":"<p>[vc_row css=&#8221;.vc_custom_1450677977665{margin-bottom: 0px !important;}&#8221;][vc_column offset=&#8221;vc_hidden-xs&#8221;][rev_slider_vc alias=&#8221;fullscreen-main-slider-1&#8243;][\/vc_column][\/vc_row][vc_row full_width=&#8221;stretch_row&#8221; el_class=&#8221;third_bg_color&#8221; css=&#8221;.vc_custom_1450692516354{margin-bottom: 60px !important;}&#8221;][vc_column][vc_cta h2=&#8221;Vous cherchez un consultant en affaires de premi\u00e8re classe ?&#8221; h2_font_container=&#8221;tag:h2|font_size:20px|text_align:left|color:%23000000|line_height:24px&#8221; h2_use_theme_fonts=&#8221;yes&#8221; shape=&#8221;square&#8221; style=&#8221;flat&#8221; add_button=&#8221;right&#8221; btn_title=&#8221;obtenir un devis&#8221; btn_style=&#8221;flat&#8221; btn_color=&#8221;theme_style_2&#8243; btn_align=&#8221;right&#8221; btn_i_align=&#8221;right&#8221; btn_i_icon_fontawesome=&#8221;stm-circuit_big&#8221; use_custom_fonts_h2=&#8221;true&#8221; btn_button_block=&#8221;true&#8221; btn_add_icon=&#8221;true&#8221; el_class=&#8221;third_bg_color&#8221; css=&#8221;.vc_custom_1656538711255{margin-bottom: 0px !important;}&#8221;][\/vc_cta][\/vc_column][\/vc_row][vc_row][vc_column width=&#8221;1\/6&#8243;][\/vc_column][vc_column width=&#8221;2\/3&#8243;][stm_services posts_per_page=&#8221;12&#8243; posts_per_row=&#8221;3&#8243; style=&#8221;style_2&#8243;][\/vc_column][vc_column width=&#8221;1\/6&#8243;][\/vc_column][\/vc_row][vc_row full_width=&#8221;stretch_row&#8221; css=&#8221;.vc_custom_1451476985704{padding-top: 53px !important;padding-bottom: 70px !important;background-color: #f2f2f2 !important;}&#8221;][vc_column][vc_custom_heading text=&#8221;industries&#8221; font_container=&#8221;tag:h2|font_size:45px|text_align:center|line_height:60px&#8221; use_theme_fonts=&#8221;yes&#8221; el_class=&#8221;base_font_color&#8221; css=&#8221;.vc_custom_1455871682892{margin-bottom: 28px !important;}&#8221;][vc_row_inner css=&#8221;.vc_custom_1455871593995{margin-bottom: 30px !important;}&#8221;][vc_column_inner width=&#8221;1\/3&#8243;][stm_icon_box hide_title_line=&#8221;hide_title_line&#8221; enable_hexagon=&#8221;enable&#8221; enable_hexagon_animation=&#8221;enable&#8221; icon=&#8221;stm-home&#8221; style=&#8221;icon_left&#8221; icon_size=&#8221;24&#8243; icon_width=&#8221;78&#8243; title=&#8221;Services financiers&#8221;]Nous travaillons c\u00f4t\u00e9 achat et c\u00f4t\u00e9 vente et donnons \u00e0 nos clients des r\u00e9ponses percutantes et objectives et nous nous concentrons sur les meilleures opportunit\u00e9s.[\/stm_icon_box][\/vc_column_inner][vc_column_inner width=&#8221;1\/3&#8243;][stm_icon_box hide_title_line=&#8221;hide_title_line&#8221; enable_hexagon=&#8221;enable&#8221; enable_hexagon_animation=&#8221;enable&#8221; icon=&#8221;stm-lamp&#8221; style=&#8221;icon_left&#8221; icon_size=&#8221;28&#8243; icon_width=&#8221;78&#8243; title=&#8221;Energie et Environnement&#8221;]Nous travaillons dans toutes les principales zones g\u00e9ographiques, ce qui signifie que nous comprenons les moteurs sous-jacents des march\u00e9s de la construction.[\/stm_icon_box][\/vc_column_inner][vc_column_inner width=&#8221;1\/3&#8243;][stm_icon_box hide_title_line=&#8221;hide_title_line&#8221; enable_hexagon=&#8221;enable&#8221; enable_hexagon_animation=&#8221;enable&#8221; icon=&#8221;stm-truck&#8221; style=&#8221;icon_left&#8221; icon_size=&#8221;20&#8243; icon_width=&#8221;78&#8243; title=&#8221;Transport &amp; logistique&#8221;]Op\u00e9rations de transport programm\u00e9es, depuis les grandes tendances et la strat\u00e9gie du march\u00e9 jusqu&#8217;au d\u00e9veloppement de strat\u00e9gies commerciales int\u00e9gr\u00e9es.[\/stm_icon_box][\/vc_column_inner][\/vc_row_inner][vc_row_inner][vc_column_inner width=&#8221;1\/3&#8243;][stm_icon_box hide_title_line=&#8221;hide_title_line&#8221; enable_hexagon=&#8221;enable&#8221; enable_hexagon_animation=&#8221;enable&#8221; icon=&#8221;stm-airplane&#8221; style=&#8221;icon_left&#8221; icon_size=&#8221;15&#8243; icon_width=&#8221;78&#8243; title=&#8221;Voyage et tourisme&#8221;]Entreprise qui offre des services de conception et de construction pour vous, des esquisses initiales \u00e0 la production finale.[\/stm_icon_box][\/vc_column_inner][vc_column_inner width=&#8221;1\/3&#8243;][stm_icon_box hide_title_line=&#8221;hide_title_line&#8221; enable_hexagon=&#8221;enable&#8221; enable_hexagon_animation=&#8221;enable&#8221; icon=&#8221;stm-graph&#8221; style=&#8221;icon_left&#8221; icon_size=&#8221;22&#8243; icon_width=&#8221;78&#8243; title=&#8221;Les services aux entreprises&#8221;]Nous consid\u00e9rons tous les facteurs de changement &#8211; \u00e0 partir de z\u00e9ro et nous vous motiverons et vous soutiendrons pour effectuer le changement.[\/stm_icon_box][\/vc_column_inner][vc_column_inner width=&#8221;1\/3&#8243;][stm_icon_box hide_title_line=&#8221;hide_title_line&#8221; enable_hexagon=&#8221;enable&#8221; enable_hexagon_animation=&#8221;enable&#8221; icon=&#8221;stm-cart&#8221; style=&#8221;icon_left&#8221; icon_size=&#8221;22&#8243; icon_width=&#8221;78&#8243; title=&#8221;Les produits de consommation&#8221;]Concevez des mod\u00e8les de croissance reproductibles et des pipelines d&#8217;innovation qui g\u00e9n\u00e8rent de nouveaux produits avec un potentiel plus \u00e9lev\u00e9 et des risques d&#8217;\u00e9chec plus faibles.[\/stm_icon_box][\/vc_column_inner][\/vc_row_inner][\/vc_column][\/vc_row][vc_row full_width=&#8221;stretch_row&#8221; el_class=&#8221;overlay fixed_bg&#8221; css=&#8221;.vc_custom_1656538558210{margin-bottom: 0px !important;padding-top: 110px !important;padding-bottom: 81px !important;background-image: url(https:\/\/evoliumalgerie.com\/wp-content\/uploads\/2016\/06\/placeholder.gif?id=33) !important;background-position: center !important;background-repeat: no-repeat !important;background-size: cover !important;}&#8221;][vc_column][vc_row_inner][vc_column_inner][vc_custom_heading icon=&#8221;stm-check&#8221; icon_size=&#8221;67&#8243; text=&#8221;<mark>Faire ce qu&#8217;il faut,<\/mark><br \/>\nau bon moment.&#8221; font_container=&#8221;tag:h4|font_size:45px|text_align:left|color:%23ffffff|line_height:45px&#8221; google_fonts=&#8221;font_family:Poppins%3A300%2Cregular%2C500%2C600%2C700|font_style:700%20bold%3A700%3Anormal&#8221; custom_icon=&#8221;stm-check&#8221; css=&#8221;.vc_custom_1656538862761{margin-bottom: 61px !important;}&#8221; el_class=&#8221;no_stripe&#8221;][\/vc_column_inner][\/vc_row_inner][vc_row_inner][vc_column_inner width=&#8221;1\/4&#8243; offset=&#8221;vc_col-lg-offset-1&#8243;][stm_stats_counter counter_value=&#8221;321&#8243; title=&#8221;Cas termin\u00e9s&#8221;][\/vc_column_inner][vc_column_inner width=&#8221;1\/3&#8243;][stm_stats_counter counter_value=&#8221;27&#8243; title=&#8221;Consultants&#8221;][\/vc_column_inner][vc_column_inner width=&#8221;1\/3&#8243;][stm_stats_counter counter_value=&#8221;100&#8243; counter_value_suf=&#8221;%&#8221; title=&#8221;Clients satisfaits&#8221;][\/vc_column_inner][\/vc_row_inner][\/vc_column][\/vc_row][vc_row full_width=&#8221;stretch_row&#8221; css=&#8221;.vc_custom_1451300723020{margin-bottom: 0px !important;padding-top: 96px !important;padding-bottom: 80px !important;background-color: #222222 !important;}&#8221;][vc_column width=&#8221;1\/3&#8243;][vc_custom_heading text=&#8221;demander \u00e0 \u00eatre rappel\u00e9.&#8221; font_container=&#8221;tag:div|font_size:36px|text_align:left|color:%23ffffff|line_height:38px&#8221; google_fonts=&#8221;font_family:Poppins%3A300%2Cregular%2C500%2C600%2C700|font_style:700%20bold%3A700%3Anormal&#8221; css=&#8221;.vc_custom_1656854540199{margin-bottom: 19px !important;}&#8221;][vc_column_text]<span style=\"color: #ffffff; font-size: 13px; line-height: 22px;\">Vous souhaitez parler \u00e0 l&#8217;un de nos conseillers financiers par t\u00e9l\u00e9phone ? Soumettez simplement vos coordonn\u00e9es et nous vous contacterons sous peu. Vous pouvez \u00e9galement nous envoyer un e-mail si vous pr\u00e9f\u00e9rez.<\/span>[\/vc_column_text][\/vc_column][vc_column width=&#8221;2\/3&#8243;]<div role=\"form\" class=\"wpcf7\" id=\"wpcf7-f508-o1\" lang=\"en-US\" dir=\"ltr\">\n<div class=\"screen-reader-response\"><p role=\"status\" aria-live=\"polite\" aria-atomic=\"true\"><\/p> <ul><\/ul><\/div>\n<form action=\"\/fr\/wp-json\/wp\/v2\/pages\/7099#wpcf7-f508-o1\" method=\"post\" class=\"wpcf7-form init\" novalidate=\"novalidate\" data-status=\"init\">\n<div style=\"display: none;\">\n<input type=\"hidden\" name=\"_wpcf7\" value=\"508\" \/>\n<input type=\"hidden\" name=\"_wpcf7_version\" value=\"5.5.6.1\" \/>\n<input type=\"hidden\" name=\"_wpcf7_locale\" value=\"en_US\" \/>\n<input type=\"hidden\" name=\"_wpcf7_unit_tag\" value=\"wpcf7-f508-o1\" \/>\n<input type=\"hidden\" name=\"_wpcf7_container_post\" value=\"0\" \/>\n<input type=\"hidden\" name=\"_wpcf7_posted_data_hash\" value=\"\" \/>\n<\/div>\n<div class=\"request_callback\">\n<div class=\"row\">\n<div class=\"col-lg-6 col-md-6 col-sm-6 col-xs-12\">\n<div class=\"input-group\">\n                <span class=\"wpcf7-form-control-wrap text-name\"><input type=\"text\" name=\"text-name\" value=\"\" size=\"40\" class=\"wpcf7-form-control wpcf7-text wpcf7-validates-as-required\" aria-required=\"true\" aria-invalid=\"false\" placeholder=\"First name *\" \/><\/span>\n            <\/div>\n<div class=\"input-group\">\n                <span class=\"wpcf7-form-control-wrap email\"><input type=\"email\" name=\"email\" value=\"\" size=\"40\" class=\"wpcf7-form-control wpcf7-text wpcf7-email wpcf7-validates-as-required wpcf7-validates-as-email\" aria-required=\"true\" aria-invalid=\"false\" placeholder=\"E-mail *\" \/><\/span>\n            <\/div>\n<div class=\"input-group\">\n                <span class=\"wpcf7-form-control-wrap phone\"><input type=\"tel\" name=\"phone\" value=\"\" size=\"40\" class=\"wpcf7-form-control wpcf7-text wpcf7-tel wpcf7-validates-as-required wpcf7-validates-as-tel\" aria-required=\"true\" aria-invalid=\"false\" placeholder=\"Phone *\" \/><\/span>\n            <\/div>\n<\/div>\n<div class=\"col-lg-6 col-md-6 col-sm-6 col-xs-12\">\n<div class=\"input-group\">\n                <span class=\"wpcf7-form-control-wrap message\"><textarea name=\"message\" cols=\"40\" rows=\"10\" class=\"wpcf7-form-control wpcf7-textarea wpcf7-validates-as-required\" aria-required=\"true\" aria-invalid=\"false\" placeholder=\"Your Message *\"><\/textarea><\/span>\n            <\/div>\n<div class=\"input-group\">\n                <button type=\"submit\" class=\"button size-lg icon_right\">submit <i class=\"fa fa-chevron-right\"><\/i><\/button>\n            <\/div>\n<\/div>\n<\/div>\n<\/div>\n<div class=\"wpcf7-response-output\" aria-hidden=\"true\"><\/div><\/form><\/div>[\/vc_column][\/vc_row][vc_row full_width=&#8221;stretch_row_content_no_spaces&#8221; css=&#8221;.vc_custom_1453109987955{margin-bottom: -60px !important;padding-top: 0px !important;padding-bottom: 0px !important;}&#8221;][vc_column][stm_gmap map_height=&#8221;447px&#8221; map_zoom=&#8221;11&#8243; disable_mouse_whell=&#8221;disable&#8221;][\/stm_gmap][\/vc_column][\/vc_row]<\/p>\n","protected":false},"excerpt":{"rendered":"<p>[vc_row css=&#8221;.vc_custom_1450677977665{margin-bottom: 0px !important;}&#8221;][vc_column offset=&#8221;vc_hidden-xs&#8221;][rev_slider_vc alias=&#8221;fullscreen-main-slider-1&#8243;][\/vc_column][\/vc_row][vc_row full_width=&#8221;stretch_row&#8221; el_class=&#8221;third_bg_color&#8221; css=&#8221;.vc_custom_1450692516354{margin-bottom: 60px !important;}&#8221;][vc_column][vc_cta h2=&#8221;Vous cherchez un consultant en affaires de premi\u00e8re classe ?&#8221; h2_font_container=&#8221;tag:h2|font_size:20px|text_align:left|color:%23000000|line_height:24px&#8221; h2_use_theme_fonts=&#8221;yes&#8221; shape=&#8221;square&#8221; style=&#8221;flat&#8221; add_button=&#8221;right&#8221; btn_title=&#8221;obtenir un devis&#8221; btn_style=&#8221;flat&#8221; btn_color=&#8221;theme_style_2&#8243; btn_align=&#8221;right&#8221; btn_i_align=&#8221;right&#8221; btn_i_icon_fontawesome=&#8221;stm-circuit_big&#8221; use_custom_fonts_h2=&#8221;true&#8221; btn_button_block=&#8221;true&#8221; btn_add_icon=&#8221;true&#8221; el_class=&#8221;third_bg_color&#8221; css=&#8221;.vc_custom_1656538711255{margin-bottom: 0px !important;}&#8221;][\/vc_cta][\/vc_column][\/vc_row][vc_row][vc_column width=&#8221;1\/6&#8243;][\/vc_column][vc_column width=&#8221;2\/3&#8243;][stm_services posts_per_page=&#8221;12&#8243; posts_per_row=&#8221;3&#8243; style=&#8221;style_2&#8243;][\/vc_column][vc_column width=&#8221;1\/6&#8243;][\/vc_column][\/vc_row][vc_row full_width=&#8221;stretch_row&#8221; css=&#8221;.vc_custom_1451476985704{padding-top: 53px !important;padding-bottom: 70px !important;background-color: #f2f2f2 !important;}&#8221;][vc_column][vc_custom_heading<\/p>\n","protected":false},"author":1,"featured_media":0,"parent":0,"menu_order":0,"comment_status":"closed","ping_status":"closed","template":"","meta":{"footnotes":""},"class_list":["post-7099","page","type-page","status-publish","hentry"],"_links":{"self":[{"href":"https:\/\/evoliumalgerie.com\/fr\/wp-json\/wp\/v2\/pages\/7099","targetHints":{"allow":["GET"]}}],"collection":[{"href":"https:\/\/evoliumalgerie.com\/fr\/wp-json\/wp\/v2\/pages"}],"about":[{"href":"https:\/\/evoliumalgerie.com\/fr\/wp-json\/wp\/v2\/types\/page"}],"author":[{"embeddable":true,"href":"https:\/\/evoliumalgerie.com\/fr\/wp-json\/wp\/v2\/users\/1"}],"replies":[{"embeddable":true,"href":"https:\/\/evoliumalgerie.com\/fr\/wp-json\/wp\/v2\/comments?post=7099"}],"version-history":[{"count":18,"href":"https:\/\/evoliumalgerie.com\/fr\/wp-json\/wp\/v2\/pages\/7099\/revisions"}],"predecessor-version":[{"id":7224,"href":"https:\/\/evoliumalgerie.com\/fr\/wp-json\/wp\/v2\/pages\/7099\/revisions\/7224"}],"wp:attachment":[{"href":"https:\/\/evoliumalgerie.com\/fr\/wp-json\/wp\/v2\/media?parent=7099"}],"curies":[{"name":"wp","href":"https:\/\/api.w.org\/{rel}","templated":true}]}}